{"id":869,"date":"2023-09-07T22:55:30","date_gmt":"2023-09-07T20:55:30","guid":{"rendered":"https:\/\/rodos-praha.cz\/dg_laymed_fwd\/"},"modified":"2023-09-07T22:55:30","modified_gmt":"2023-09-07T20:55:30","slug":"dg_laymed_fwd","status":"publish","type":"page","link":"https:\/\/rodos-praha.cz\/pl\/dg_laymed_fwd\/","title":{"rendered":"DG_Laymed_FWD"},"content":{"rendered":"<div class=\"fusion-fullwidth fullwidth-box fusion-builder-row-1 nonhundred-percent-fullwidth non-hundred-percent-height-scrolling\"  style='background-color: rgba(255,255,255,0);background-position: center center;background-repeat: no-repeat;padding-right:0px;padding-bottom:40px;padding-left:0px;'><div class=\"fusion-builder-row fusion-row \"><div  class=\"fusion-layout-column fusion_builder_column fusion_builder_column_1_1 fusion-builder-column-0 fusion-one-full fusion-column-first fusion-column-last 1_1\"  style='margin-top:0px;margin-bottom:0px;'><div class=\"fusion-column-wrapper\" style=\"padding: 0px 0px 0px 0px;background-position:left top;background-repeat:no-repeat;-webkit-background-size:cover;-moz-background-size:cover;-o-background-size:cover;background-size:cover;\"   data-bg-url=\"\"><div class=\"fusion-text\"><p class=\"western\" align=\"justify\">Program do projektowania napraw dr\u00f3g oparty na analizie linii ugi\u0119cia mierzonych ugi\u0119ciomierzem oraz obliczeniu napr\u0119\u017ce\u0144 i&nbsp;odkszta\u0142ce\u0144 poszczeg\u00f3lnych warstw drogi (charakterystyka materia\u0142owa warstw drogi).<\/p>\n<\/div><div class=\"fusion-text\"><ul>\n<li style=\"text-align: justify;\">dzia\u0142a w systemie Windows&nbsp;2000 i&nbsp;nowszych<\/li>\n<li style=\"text-align: justify;\">pobiera dane pomiarowe ugi\u0119cia z&nbsp;r\u00f3\u017cnych typ\u00f3w plik\u00f3w u\u017cywanych przez u\u017cytkownik\u00f3w FWD, w tym z&nbsp;nowo wprowadzonego jednolitego typu pliku PDDX<\/li>\n<li style=\"text-align: justify;\">przyjazne dla u\u017cytkownika wype\u0142nienie wszystkich parametr\u00f3w wej\u015bciowych potrzebnych do p\u00f3\u017aniejszych oblicze\u0144 w jednym oknie wprowadzania<\/li>\n<li style=\"text-align: justify;\">umo\u017cliwia wst\u0119pne podzielenie mierzonego odcinka na jednorodne podprzekroje zar\u00f3wno pod wzgl\u0119dem grubo\u015bci warstw konstrukcyjnych, jak i&nbsp;obci\u0105\u017ce\u0144 ruchowych itp.<\/li>\n<li style=\"text-align: justify;\">pozwala na wprowadzenie r\u00f3\u017cnych parametr\u00f3w wej\u015bciowych dla poszczeg\u00f3lnych podprzekroj\u00f3w bez konieczno\u015bci dzielenia mierzonego odcinka i&nbsp;obliczania ka\u017cdej cz\u0119\u015bci osobno<\/li>\n<li style=\"text-align: justify;\">dokonuje korekty zmierzonych linii ugi\u0119cia do temperatury obliczeniowej zgodnie z&nbsp;r\u00f3wnaniem opracowanym w ramach rozwi\u0105zania projektu badawczego CDV. Korekcj\u0119 wprowadza si\u0119 dla ka\u017cdej zmierzonej linii ugi\u0119cia i&nbsp;temperatury zarejestrowanej podczas jej pomiaru. Eliminuje to p\u00f3\u017aniejsz\u0105 niedok\u0142adn\u0105 korekt\u0119 modu\u0142\u00f3w warstwy asfaltu do \u015bredniej temperatury podczas pomiaru<\/li>\n<li style=\"text-align: justify;\">wykonuje obliczenia wsteczne modu\u0142\u00f3w spr\u0119\u017cysto\u015bci warstwy drogowej, wielko\u015bci napr\u0119\u017cenia i&nbsp;odkszta\u0142cenia<\/li>\n<li style=\"text-align: justify;\">wykonuje obliczenia pozosta\u0142ego okresu u\u017cytkowania oraz obliczenia wymaganej grubo\u015bci zbrojenia w ka\u017cdym pomierzonym punkcie dla okre\u015blonego obci\u0105\u017cenia ruchem<\/li>\n<li style=\"text-align: justify;\">w przypadku nieznanego obci\u0105\u017cenia ruchem pozwala obliczy\u0107 no\u015bno\u015b\u0107 drogi<\/li>\n<li style=\"text-align: justify;\">umo\u017cliwia wprowadzenie grubo\u015bci wymiany istniej\u0105cych warstw drogowych na nowe wraz z&nbsp;ich projektowymi charakterystykami materia\u0142owymi oraz obliczenie niezb\u0119dnej grubo\u015bci nowo u\u0142o\u017conych warstw, aby osi\u0105gn\u0105\u0107 planowany okres u\u017cytkowania. Mo\u017cna r\u00f3wnie\u017c wprowadzi\u0107 recykling le\u017c\u0105cych pod spodem warstw drogi i&nbsp;obliczy\u0107 wymagan\u0105 grubo\u015b\u0107 kolejnych warstw asfaltu uk\u0142adanych na tej nowo powsta\u0142ej warstwie spodniej.<\/li>\n<li style=\"text-align: justify;\">zestawia b\u0142\u0119dy zast\u0105pienia zmierzonej linii ugi\u0119cia lini\u0105 teoretyczn\u0105, dostarczaj\u0105c informacji o&nbsp;powodzeniu wybranego przez u\u017cytkownika modelu obliczeniowego, na podstawie kt\u00f3rego u\u017cytkownik podejmuje decyzj\u0119 o&nbsp;ewentualnych zmianach parametr\u00f3w wej\u015bciowych<\/li>\n<li style=\"text-align: justify;\">ka\u017cdy podrozdzia\u0142 zawiera statystyczne przetwarzanie warto\u015bci<\/li>\n<li style=\"text-align: justify;\">efektem ko\u0144cowym s\u0105 tabele i&nbsp;wykresy w formacie Excel zawieraj\u0105ce wszystkie zmierzone i&nbsp;obliczone dane, s\u0142u\u017c\u0105ce u\u017cytkownikowi do projektowania technologii remont\u00f3w dr\u00f3g<\/li>\n<\/ul>\n<\/div><div class=\"fusion-clearfix\"><\/div><\/div><\/div><\/div><\/div><style type=\"text\/css\">.fusion-fullwidth.fusion-builder-row-1 a:not(.fusion-button):not(.fusion-builder-module-control):not(.fusion-social-network-icon):not(.fb-icon-element):not(.fusion-countdown-link):not(.fusion-rollover-link):not(.fusion-rollover-gallery):not(.add_to_cart_button):not(.show_details_button):not(.product_type_external):not(.fusion-quick-view):not(.fusion-rollover-title-link) , .fusion-fullwidth.fusion-builder-row-1 a:not(.fusion-button):not(.fusion-builder-module-control):not(.fusion-social-network-icon):not(.fb-icon-element):not(.fusion-countdown-link):not(.fusion-rollover-link):not(.fusion-rollover-gallery):not(.add_to_cart_button):not(.show_details_button):not(.product_type_external):not(.fusion-quick-view):not(.fusion-rollover-title-link):before, .fusion-fullwidth.fusion-builder-row-1 a:not(.fusion-button):not(.fusion-builder-module-control):not(.fusion-social-network-icon):not(.fb-icon-element):not(.fusion-countdown-link):not(.fusion-rollover-link):not(.fusion-rollover-gallery):not(.add_to_cart_button):not(.show_details_button):not(.product_type_external):not(.fusion-quick-view):not(.fusion-rollover-title-link):after {color: #e31e25;}.fusion-fullwidth.fusion-builder-row-1 a:not(.fusion-button):not(.fusion-builder-module-control):not(.fusion-social-network-icon):not(.fb-icon-element):not(.fusion-countdown-link):not(.fusion-rollover-link):not(.fusion-rollover-gallery):not(.add_to_cart_button):not(.show_details_button):not(.product_type_external):not(.fusion-quick-view):not(.fusion-rollover-title-link):hover, .fusion-fullwidth.fusion-builder-row-1 a:not(.fusion-button):not(.fusion-builder-module-control):not(.fusion-social-network-icon):not(.fb-icon-element):not(.fusion-countdown-link):not(.fusion-rollover-link):not(.fusion-rollover-gallery):not(.add_to_cart_button):not(.show_details_button):not(.product_type_external):not(.fusion-quick-view):not(.fusion-rollover-title-link):hover:before, .fusion-fullwidth.fusion-builder-row-1 a:not(.fusion-button):not(.fusion-builder-module-control):not(.fusion-social-network-icon):not(.fb-icon-element):not(.fusion-countdown-link):not(.fusion-rollover-link):not(.fusion-rollover-gallery):not(.add_to_cart_button):not(.show_details_button):not(.product_type_external):not(.fusion-quick-view):not(.fusion-rollover-title-link):hover:after {color: #3535ae;}.fusion-fullwidth.fusion-builder-row-1 .pagination a.inactive:hover, .fusion-fullwidth.fusion-builder-row-1 .fusion-filters .fusion-filter.fusion-active a {border-color: #3535ae;}.fusion-fullwidth.fusion-builder-row-1 .pagination .current {border-color: #3535ae; background-color: #3535ae;}.fusion-fullwidth.fusion-builder-row-1 .fusion-filters .fusion-filter.fusion-active a, .fusion-fullwidth.fusion-builder-row-1 .fusion-date-and-formats .fusion-format-box, .fusion-fullwidth.fusion-builder-row-1 .fusion-popover, .fusion-fullwidth.fusion-builder-row-1 .tooltip-shortcode {color: #3535ae;}#main .fusion-fullwidth.fusion-builder-row-1 .post .blog-shortcode-post-title a:hover {color: #3535ae;}<\/style>\n","protected":false},"excerpt":{"rendered":"","protected":false},"author":3,"featured_media":0,"parent":0,"menu_order":0,"comment_status":"closed","ping_status":"closed","template":"","meta":{"footnotes":""},"yoast_head":"<!-- This site is optimized with the Yoast SEO plugin v21.1 - https:\/\/yoast.com\/wordpress\/plugins\/seo\/ -->\n<title>DG_Laymed_FWD - RODOS Praga - Kompletna diagnostyka drogowa<\/title>\n<meta name=\"robots\" content=\"index, follow, max-snippet:-1, max-image-preview:large, max-video-preview:-1\" \/>\n<link rel=\"canonical\" href=\"https:\/\/rodos-praha.cz\/pl\/dg_laymed_fwd\/\" \/>\n<meta property=\"og:locale\" content=\"pl_PL\" \/>\n<meta property=\"og:type\" content=\"article\" \/>\n<meta property=\"og:title\" content=\"DG_Laymed_FWD - RODOS Praga - Kompletna diagnostyka drogowa\" \/>\n<meta property=\"og:url\" content=\"https:\/\/rodos-praha.cz\/pl\/dg_laymed_fwd\/\" \/>\n<meta property=\"og:site_name\" content=\"RODOS Praga - Kompletna diagnostyka drogowa\" \/>\n<meta name=\"twitter:card\" content=\"summary_large_image\" \/>\n<meta name=\"twitter:label1\" content=\"Szacowany czas czytania\" \/>\n\t<meta name=\"twitter:data1\" content=\"4 minuty\" \/>\n<script type=\"application\/ld+json\" class=\"yoast-schema-graph\">{\"@context\":\"https:\/\/schema.org\",\"@graph\":[{\"@type\":\"WebPage\",\"@id\":\"https:\/\/rodos-praha.cz\/pl\/dg_laymed_fwd\/\",\"url\":\"https:\/\/rodos-praha.cz\/pl\/dg_laymed_fwd\/\",\"name\":\"DG_Laymed_FWD - RODOS Praga - Kompletna diagnostyka drogowa\",\"isPartOf\":{\"@id\":\"https:\/\/rodos-praha.cz\/#website\"},\"datePublished\":\"2023-09-07T20:55:30+00:00\",\"dateModified\":\"2023-09-07T20:55:30+00:00\",\"inLanguage\":\"pl-PL\",\"potentialAction\":[{\"@type\":\"ReadAction\",\"target\":[\"https:\/\/rodos-praha.cz\/pl\/dg_laymed_fwd\/\"]}]},{\"@type\":\"WebSite\",\"@id\":\"https:\/\/rodos-praha.cz\/#website\",\"url\":\"https:\/\/rodos-praha.cz\/\",\"name\":\"RODOS Praga - Kompletna diagnostyka drogowa\",\"description\":\"Diagnostyka dr\u00f3g, autostrad i teren\u00f3w lotniskowych\",\"potentialAction\":[{\"@type\":\"SearchAction\",\"target\":{\"@type\":\"EntryPoint\",\"urlTemplate\":\"https:\/\/rodos-praha.cz\/?s={search_term_string}\"},\"query-input\":\"required name=search_term_string\"}],\"inLanguage\":\"pl-PL\"}]}<\/script>\n<!-- \/ Yoast SEO plugin. -->","yoast_head_json":{"title":"DG_Laymed_FWD - RODOS Praga - Kompletna diagnostyka drogowa","robots":{"index":"index","follow":"follow","max-snippet":"max-snippet:-1","max-image-preview":"max-image-preview:large","max-video-preview":"max-video-preview:-1"},"canonical":"https:\/\/rodos-praha.cz\/pl\/dg_laymed_fwd\/","og_locale":"pl_PL","og_type":"article","og_title":"DG_Laymed_FWD - RODOS Praga - Kompletna diagnostyka drogowa","og_url":"https:\/\/rodos-praha.cz\/pl\/dg_laymed_fwd\/","og_site_name":"RODOS Praga - Kompletna diagnostyka drogowa","twitter_card":"summary_large_image","twitter_misc":{"Szacowany czas czytania":"4 minuty"},"schema":{"@context":"https:\/\/schema.org","@graph":[{"@type":"WebPage","@id":"https:\/\/rodos-praha.cz\/pl\/dg_laymed_fwd\/","url":"https:\/\/rodos-praha.cz\/pl\/dg_laymed_fwd\/","name":"DG_Laymed_FWD - RODOS Praga - Kompletna diagnostyka drogowa","isPartOf":{"@id":"https:\/\/rodos-praha.cz\/#website"},"datePublished":"2023-09-07T20:55:30+00:00","dateModified":"2023-09-07T20:55:30+00:00","inLanguage":"pl-PL","potentialAction":[{"@type":"ReadAction","target":["https:\/\/rodos-praha.cz\/pl\/dg_laymed_fwd\/"]}]},{"@type":"WebSite","@id":"https:\/\/rodos-praha.cz\/#website","url":"https:\/\/rodos-praha.cz\/","name":"RODOS Praga - Kompletna diagnostyka drogowa","description":"Diagnostyka dr\u00f3g, autostrad i teren\u00f3w lotniskowych","potentialAction":[{"@type":"SearchAction","target":{"@type":"EntryPoint","urlTemplate":"https:\/\/rodos-praha.cz\/?s={search_term_string}"},"query-input":"required name=search_term_string"}],"inLanguage":"pl-PL"}]}},"_links":{"self":[{"href":"https:\/\/rodos-praha.cz\/pl\/wp-json\/wp\/v2\/pages\/869"}],"collection":[{"href":"https:\/\/rodos-praha.cz\/pl\/wp-json\/wp\/v2\/pages"}],"about":[{"href":"https:\/\/rodos-praha.cz\/pl\/wp-json\/wp\/v2\/types\/page"}],"author":[{"embeddable":true,"href":"https:\/\/rodos-praha.cz\/pl\/wp-json\/wp\/v2\/users\/3"}],"replies":[{"embeddable":true,"href":"https:\/\/rodos-praha.cz\/pl\/wp-json\/wp\/v2\/comments?post=869"}],"version-history":[{"count":2,"href":"https:\/\/rodos-praha.cz\/pl\/wp-json\/wp\/v2\/pages\/869\/revisions"}],"predecessor-version":[{"id":871,"href":"https:\/\/rodos-praha.cz\/pl\/wp-json\/wp\/v2\/pages\/869\/revisions\/871"}],"wp:attachment":[{"href":"https:\/\/rodos-praha.cz\/pl\/wp-json\/wp\/v2\/media?parent=869"}],"curies":[{"name":"wp","href":"https:\/\/api.w.org\/{rel}","templated":true}]}}