{"id":866,"date":"2023-09-07T22:51:44","date_gmt":"2023-09-07T20:51:44","guid":{"rendered":"https:\/\/rodos-praha.cz\/vszd\/"},"modified":"2023-09-07T23:40:12","modified_gmt":"2023-09-07T21:40:12","slug":"vszd","status":"publish","type":"page","link":"https:\/\/rodos-praha.cz\/pl\/vszd\/","title":{"rendered":"WSZD"},"content":{"rendered":"<p><div class=\"fusion-fullwidth fullwidth-box fusion-builder-row-1 nonhundred-percent-fullwidth non-hundred-percent-height-scrolling\"  style='background-color: rgba(255,255,255,0);background-position: center center;background-repeat: no-repeat;padding-right:0px;padding-left:0px;'><div class=\"fusion-builder-row fusion-row \"><div  class=\"fusion-layout-column fusion_builder_column fusion_builder_column_1_1 fusion-builder-column-0 fusion-one-full fusion-column-first fusion-column-last fusion-column-no-min-height 1_1\"  style='margin-top:0px;margin-bottom:0px;'><div class=\"fusion-column-wrapper\" style=\"padding: 0px 0px 0px 0px;background-position:left top;background-repeat:no-repeat;-webkit-background-size:cover;-moz-background-size:cover;-o-background-size:cover;background-size:cover;\"   data-bg-url=\"\"><style type=\"text\/css\">@media only screen and (max-width:1024px) {.fusion-title.fusion-title-1{margin-top:0px!important;margin-bottom:1em!important;}}<\/style><div class=\"fusion-title title fusion-title-1 fusion-sep-none fusion-title-text fusion-title-size-two\" style=\"margin-top:0px;margin-bottom:1em;\"><h2 class=\"title-heading-left\" style=\"margin:0;\">Wielopoziomowy System Zarz\u0105dzania Drogami<\/h2><\/div><div class=\"fusion-text\"><p style=\"text-align: justify;\">System zosta\u0142 opracowany jako system wspomagania podejmowania decyzji w zakresie napraw nawierzchni dr\u00f3g asfaltowych w oparciu o&nbsp;wiedz\u0119 o&nbsp;sta\u0142ych parametrach drogi i&nbsp;corocznie mierzonych parametrach zmiennych.<br \/>\nSystem WSZD jest aplikacj\u0105 pracuj\u0105c\u0105 w \u015brodowisku Windows, napisan\u0105 w j\u0119zyku programowania Delphi, kt\u00f3ra umo\u017cliwia szybk\u0105 prac\u0119 z&nbsp;bazami danych. Aplikacja mo\u017ce pracowa\u0107 samodzielnie lub jako aplikacja sieciowa pracuj\u0105ca z&nbsp;danymi przechowywanymi na serwerze sieciowym, umo\u017cliwiaj\u0105ca dost\u0119p online wielu u\u017cytkownikom jednocze\u015bnie z&nbsp;mo\u017cliwo\u015bci\u0105 ustawienia uprawnie\u0144 dost\u0119pu u\u017cytkownik\u00f3w.<\/p>\n<\/div><div class=\"fusion-clearfix\"><\/div><\/div><\/div><div  class=\"fusion-layout-column fusion_builder_column fusion_builder_column_1_1 fusion-builder-column-1 fusion-one-full fusion-column-first fusion-column-last fusion-column-no-min-height 1_1\"  style='margin-top:0px;margin-bottom:0px;'><div class=\"fusion-column-wrapper\" style=\"padding: 0px 0px 0px 0px;background-position:left top;background-repeat:no-repeat;-webkit-background-size:cover;-moz-background-size:cover;-o-background-size:cover;background-size:cover;\"   data-bg-url=\"\"><style type=\"text\/css\">@media only screen and (max-width:1024px) {.fusion-title.fusion-title-2{margin-top:0px!important;margin-bottom:1em!important;}}<\/style><div class=\"fusion-title title fusion-title-2 fusion-sep-none fusion-title-text fusion-title-size-three\" style=\"margin-top:1em;margin-bottom:0.5em;\"><h3 class=\"title-heading-left\" style=\"margin:0;\">System sk\u0142ada si\u0119 z&nbsp;trzech podstawowych modu\u0142\u00f3w:<\/h3><\/div><div class=\"fusion-clearfix\"><\/div><\/div><\/div><\/div><\/div><style type=\"text\/css\">.fusion-fullwidth.fusion-builder-row-1 a:not(.fusion-button):not(.fusion-builder-module-control):not(.fusion-social-network-icon):not(.fb-icon-element):not(.fusion-countdown-link):not(.fusion-rollover-link):not(.fusion-rollover-gallery):not(.add_to_cart_button):not(.show_details_button):not(.product_type_external):not(.fusion-quick-view):not(.fusion-rollover-title-link) , .fusion-fullwidth.fusion-builder-row-1 a:not(.fusion-button):not(.fusion-builder-module-control):not(.fusion-social-network-icon):not(.fb-icon-element):not(.fusion-countdown-link):not(.fusion-rollover-link):not(.fusion-rollover-gallery):not(.add_to_cart_button):not(.show_details_button):not(.product_type_external):not(.fusion-quick-view):not(.fusion-rollover-title-link):before, .fusion-fullwidth.fusion-builder-row-1 a:not(.fusion-button):not(.fusion-builder-module-control):not(.fusion-social-network-icon):not(.fb-icon-element):not(.fusion-countdown-link):not(.fusion-rollover-link):not(.fusion-rollover-gallery):not(.add_to_cart_button):not(.show_details_button):not(.product_type_external):not(.fusion-quick-view):not(.fusion-rollover-title-link):after {color: #e31e25;}.fusion-fullwidth.fusion-builder-row-1 a:not(.fusion-button):not(.fusion-builder-module-control):not(.fusion-social-network-icon):not(.fb-icon-element):not(.fusion-countdown-link):not(.fusion-rollover-link):not(.fusion-rollover-gallery):not(.add_to_cart_button):not(.show_details_button):not(.product_type_external):not(.fusion-quick-view):not(.fusion-rollover-title-link):hover, .fusion-fullwidth.fusion-builder-row-1 a:not(.fusion-button):not(.fusion-builder-module-control):not(.fusion-social-network-icon):not(.fb-icon-element):not(.fusion-countdown-link):not(.fusion-rollover-link):not(.fusion-rollover-gallery):not(.add_to_cart_button):not(.show_details_button):not(.product_type_external):not(.fusion-quick-view):not(.fusion-rollover-title-link):hover:before, .fusion-fullwidth.fusion-builder-row-1 a:not(.fusion-button):not(.fusion-builder-module-control):not(.fusion-social-network-icon):not(.fb-icon-element):not(.fusion-countdown-link):not(.fusion-rollover-link):not(.fusion-rollover-gallery):not(.add_to_cart_button):not(.show_details_button):not(.product_type_external):not(.fusion-quick-view):not(.fusion-rollover-title-link):hover:after {color: #3535ae;}.fusion-fullwidth.fusion-builder-row-1 .pagination a.inactive:hover, .fusion-fullwidth.fusion-builder-row-1 .fusion-filters .fusion-filter.fusion-active a {border-color: #3535ae;}.fusion-fullwidth.fusion-builder-row-1 .pagination .current {border-color: #3535ae; background-color: #3535ae;}.fusion-fullwidth.fusion-builder-row-1 .fusion-filters .fusion-filter.fusion-active a, .fusion-fullwidth.fusion-builder-row-1 .fusion-date-and-formats .fusion-format-box, .fusion-fullwidth.fusion-builder-row-1 .fusion-popover, .fusion-fullwidth.fusion-builder-row-1 .tooltip-shortcode {color: #3535ae;}#main .fusion-fullwidth.fusion-builder-row-1 .post .blog-shortcode-post-title a:hover {color: #3535ae;}<\/style><div class=\"fusion-fullwidth fullwidth-box fusion-builder-row-2 nonhundred-percent-fullwidth non-hundred-percent-height-scrolling fusion-equal-height-columns\"  style='background-color: rgba(255,255,255,0);background-position: center center;background-repeat: no-repeat;'><div class=\"fusion-builder-row fusion-row \"><div  class=\"fusion-layout-column fusion_builder_column fusion_builder_column_1_1 fusion-builder-column-2 fusion-one-full fusion-column-first fusion-column-last rozmer-box fusion-column-no-min-height 1_1\"  style='margin-top:0px;margin-bottom:0px;'><div class=\"fusion-column-wrapper\" style=\"background-color:#ffffff;padding: 0px 0px 0px 0px;background-position:left top;background-repeat:no-repeat;-webkit-background-size:cover;-moz-background-size:cover;-o-background-size:cover;background-size:cover;\"   data-bg-url=\"\"><style type=\"text\/css\">@media only screen and (max-width:1024px) {.fusion-title.fusion-title-3{margin-top:0px!important;margin-bottom:1em!important;}}<\/style><div class=\"fusion-title title fusion-title-3 fusion-sep-none fusion-title-text fusion-title-size-four\" style=\"margin-top:1em;margin-bottom:0.5em;\"><h4 class=\"title-heading-left\" style=\"margin:0;\"><strong>Modu\u0142 bazodanowy<\/strong><\/h4><\/div><div class=\"fusion-text\"><p style=\"text-align: justify;\">Modu\u0142 bazodanowy zawiera oprogramowanie umo\u017cliwiaj\u0105ce import sta\u0142ych i&nbsp;zmiennych parametr\u00f3w drogi. Niezmiennymi parametrami s\u0105 paszport, system lokalizacji w\u0119z\u0142\u00f3w, dane o&nbsp;budowie drogi, dane ze spisu ruchu oraz dane o&nbsp;przeprowadzonych naprawach. Zmienne parametry to chropowato\u015b\u0107, koleiny, nier\u00f3wno\u015bci wzd\u0142u\u017cne, no\u015bno\u015b\u0107 i&nbsp;15 rodzaj\u00f3w uskok\u00f3w.<br \/>\nModu\u0142 stanowi podstaw\u0119 dla innego oprogramowania, kt\u00f3re przetwarza zawarte w nim dane i&nbsp;umo\u017cliwia u\u017cytkownikowi uzyskanie szeregu innych informacji i&nbsp;selekcji, takich jak selekcje odcink\u00f3w z&nbsp;parametrami awaryjnymi, selekcje odcink\u00f3w, kt\u00f3re mog\u0105 w przysz\u0142o\u015bci uczestniczy\u0107 w wypadku , wyb\u00f3r odcink\u00f3w, na kt\u00f3rych istnieje du\u017ce prawdopodobie\u0144stwo wyczerpania no\u015bno\u015bci drogi, ocena odcink\u00f3w pod k\u0105tem koszt\u00f3w bie\u017c\u0105cego utrzymania itp. <\/p>\n<\/div><div class=\"fusion-clearfix\"><\/div><\/div><\/div><div  class=\"fusion-layout-column fusion_builder_column fusion_builder_column_1_1 fusion-builder-column-3 fusion-one-full fusion-column-first fusion-column-last rozmer-box fusion-column-no-min-height 1_1\"  style='margin-top:0px;margin-bottom:0px;'><div class=\"fusion-column-wrapper\" style=\"background-color:#ffffff;padding: 0px 0px 0px 0px;background-position:left top;background-repeat:no-repeat;-webkit-background-size:cover;-moz-background-size:cover;-o-background-size:cover;background-size:cover;\"   data-bg-url=\"\"><style type=\"text\/css\">@media only screen and (max-width:1024px) {.fusion-title.fusion-title-4{margin-top:0px!important;margin-bottom:1em!important;}}<\/style><div class=\"fusion-title title fusion-title-4 fusion-sep-none fusion-title-text fusion-title-size-four\" style=\"margin-top:1em;margin-bottom:0.5em;\"><h4 class=\"title-heading-left\" style=\"margin:0;\"><strong>Modu\u0142 eksperta<\/strong><\/h4><\/div><div class=\"fusion-text\"><p style=\"text-align: justify;\">Modu\u0142 ekspercki jest systemem wspomagania decyzji u\u017cytkownika (administratora). Zapewnia ci\u0105g\u0142e podejmowanie decyzji naprawczych w przypadku zmieniaj\u0105cych si\u0119 kombinacji mierzonych parametr\u00f3w zmiennych i&nbsp;usterek.<br \/>\nOprogramowanie przemierza dan\u0105 drog\u0119 zgodnie ze stacj\u0105, odczytuje dane z&nbsp;paszportu, zmienne parametry oraz usterki i&nbsp;proponuje spos\u00f3b naprawy dla ka\u017cdej wyst\u0119puj\u0105cej ich kombinacji. W ten spos\u00f3b decyduje o&nbsp;pasie ruchu w kierunku i&nbsp;przeciw kierunku stacji, je\u015bli zosta\u0142 zmierzony. Decyzje naprawcze zawieraj\u0105 opis poszczeg\u00f3lnych technologii sk\u0142adaj\u0105cych si\u0119 na proponowan\u0105 napraw\u0119, z&nbsp;uwzgl\u0119dnieniem obszar\u00f3w i&nbsp;cen. Uzyskane w ten spos\u00f3b decyzje stanowi\u0105 podstaw\u0119 do dalszych decyzji u\u017cytkownika, kt\u00f3ry ma mo\u017cliwo\u015b\u0107 \u0142\u0105czenia decyzji w wi\u0119ksze jednostki technologiczne zar\u00f3wno w kierunku, jak i&nbsp;w kierunku przeciwnym, a&nbsp;tak\u017ce na ca\u0142ej szeroko\u015bci jezdni i&nbsp;w ten spos\u00f3b tworzy\u0107 swoje w\u0142asn\u0105 decyzj\u0119 o&nbsp;niezb\u0119dnej naprawie.<\/p>\n<\/div><div class=\"fusion-clearfix\"><\/div><\/div><\/div><div  class=\"fusion-layout-column fusion_builder_column fusion_builder_column_1_1 fusion-builder-column-4 fusion-one-full fusion-column-first fusion-column-last rozmer-box fusion-column-no-min-height 1_1\"  style='margin-top:0px;margin-bottom:0px;'><div class=\"fusion-column-wrapper\" style=\"background-color:#ffffff;padding: 0px 0px 0px 0px;background-position:left top;background-repeat:no-repeat;-webkit-background-size:cover;-moz-background-size:cover;-o-background-size:cover;background-size:cover;\"   data-bg-url=\"\"><style type=\"text\/css\">@media only screen and (max-width:1024px) {.fusion-title.fusion-title-5{margin-top:0px!important;margin-bottom:1em!important;}}<\/style><div class=\"fusion-title title fusion-title-5 fusion-sep-none fusion-title-text fusion-title-size-four\" style=\"margin-top:1em;margin-bottom:0.5em;\"><h4 class=\"title-heading-left\" style=\"margin:0;\"><strong>Modu\u0142 ekonomiczny<\/strong><\/h4><\/div><div class=\"fusion-text\"><p style=\"text-align: justify;\">Modu\u0142 ekonomiczny wykorzystuje uzyskan\u0105 decyzj\u0119 u\u017cytkownika i&nbsp;ustala kolejno\u015b\u0107 pilno\u015bci odcink\u00f3w do naprawy na podstawie zainwestowanych \u015brodk\u00f3w przeznaczonych na ci\u0105g\u0142e utrzymanie. Kolejno\u015b\u0107 pilno\u015bci ustalana jest na podstawie znajomo\u015bci parametr\u00f3w zmiennych wypadku, nat\u0119\u017cenia ruchu oraz prognozy wzrostu koszt\u00f3w naprawy danego odcinka w przysz\u0142o\u015bci w przypadku niewykonania naprawy.<br \/>\nKolejno\u015b\u0107 pilno\u015bci ustalana jest na podstawie znajomo\u015bci parametr\u00f3w zmiennych wypadku, nat\u0119\u017cenia ruchu oraz prognozy wzrostu koszt\u00f3w naprawy danego odcinka w przysz\u0142o\u015bci w przypadku niewykonania naprawy. Na podstawie tych danych tworzy krzywe rozwoju poszczeg\u00f3lnych parametr\u00f3w dla poszczeg\u00f3lnych odcink\u00f3w dr\u00f3g i&nbsp;ekstrapoluje je na przysz\u0142o\u015b\u0107. Na podstawie powsta\u0142ych w ten spos\u00f3b danych prognostycznych podejmuje decyzj\u0119 o&nbsp;koniecznym utrzymaniu i&nbsp;okre\u015bla potrzeby finansowe w przysz\u0142o\u015bci w przypadku jego niewykonania. Przewidywane koszty bie\u017c\u0105cego utrzymania danego odcinka doliczane s\u0105 do rosn\u0105cych \u015brodk\u00f3w na napraw\u0119 w przypadku jej nie przeprowadzenia.<br \/>\nProcedura optymalizacji modu\u0142u ekonomicznego tworzy nast\u0119pnie sekwencj\u0119 odcink\u00f3w do naprawy, tak aby zainwestowane \u015brodki konserwacyjne zosta\u0142y wykorzystane tam, gdzie istnieje ryzyko du\u017cego wzrostu koszt\u00f3w w przysz\u0142o\u015bci w przypadku braku konserwacji. Zapewnia to maksymaln\u0105 efektywno\u015b\u0107 wykorzystania zasob\u00f3w finansowych.<br \/>\nDodatkowo prognozowane dane udost\u0119pniane s\u0105 u\u017cytkownikom jako kolejne wa\u017cne \u017ar\u00f3d\u0142o informacji o&nbsp;rozwoju poszczeg\u00f3lnych odcink\u00f3w czy dr\u00f3g. Modu\u0142 umo\u017cliwia tak\u017ce utworzenie planu naprawy wprowadzonych \u015brodk\u00f3w, jego wydruk i&nbsp;eksport do wy\u017cszej jednostki administracyjnej.<\/p>\n<\/div><div class=\"fusion-clearfix\"><\/div><\/div><\/div><div  class=\"fusion-layout-column fusion_builder_column fusion_builder_column_1_1 fusion-builder-column-5 fusion-one-full fusion-column-first fusion-column-last fusion-column-no-min-height 1_1\"  style='margin-top:0px;margin-bottom:0px;'><div class=\"fusion-column-wrapper\" style=\"padding: 0px 0px 0px 0px;background-position:left top;background-repeat:no-repeat;-webkit-background-size:cover;-moz-background-size:cover;-o-background-size:cover;background-size:cover;\"   data-bg-url=\"\"><style type=\"text\/css\">@media only screen and (max-width:1024px) {.fusion-title.fusion-title-6{margin-top:0px!important;margin-bottom:1em!important;}}<\/style><div class=\"fusion-title title fusion-title-6 fusion-sep-none fusion-title-text fusion-title-size-four\" style=\"margin-top:1em;margin-bottom:0.5em;\"><h4 class=\"title-heading-left\" style=\"margin:0;\"><strong>Modu\u0142 szczytowy<\/strong><\/h4><\/div><div class=\"fusion-text\"><p style=\"text-align: justify;\">Modu\u0142 przeznaczony dla wy\u017cszej jednostki administracyjnej lub administracji centralnej (wojew\u00f3dztwo, region, republika) umo\u017cliwia centralnemu zarz\u0105dcy obiektywne przydzielanie, w oparciu o&nbsp;kryteria opisane w module gospodarczym, \u015brodk\u00f3w finansowych na odcinki dr\u00f3g w administrowanej jednostce terytorialnej. Procedura ta ustala kolejno\u015b\u0107 pilno\u015bci odcink\u00f3w do naprawy na podstawie przes\u0142anych plan\u00f3w poszczeg\u00f3lnych administrator\u00f3w i&nbsp;umo\u017cliwia sporz\u0105dzenie centralnego planu naprawy dla wprowadzonych \u015brodk\u00f3w.<br \/>\nW ramach innowacji rozpocz\u0119to prace nad graficznym po\u0142\u0105czeniem awaryjnych odcink\u00f3w dr\u00f3g w wi\u0119ksze jednostki technologiczne, graficznym utworzeniem plan\u00f3w napraw oraz po\u0142\u0105czeniem WSZD ze \u015brodowiskiem mapowym GIS. System b\u0119dzie zatem zawiera\u0142 szereg innych funkcji pozwalaj\u0105cych u\u017cytkownikowi na szybki dost\u0119p do informacji o&nbsp;powierzonej sieci dr\u00f3g i&nbsp;proponowanych naprawach na poszczeg\u00f3lnych odcinkach.<\/p>\n<\/div><div class=\"fusion-clearfix\"><\/div><\/div><\/div><\/div><\/div><style type=\"text\/css\">.fusion-fullwidth.fusion-builder-row-2 a:not(.fusion-button):not(.fusion-builder-module-control):not(.fusion-social-network-icon):not(.fb-icon-element):not(.fusion-countdown-link):not(.fusion-rollover-link):not(.fusion-rollover-gallery):not(.add_to_cart_button):not(.show_details_button):not(.product_type_external):not(.fusion-quick-view):not(.fusion-rollover-title-link) , .fusion-fullwidth.fusion-builder-row-2 a:not(.fusion-button):not(.fusion-builder-module-control):not(.fusion-social-network-icon):not(.fb-icon-element):not(.fusion-countdown-link):not(.fusion-rollover-link):not(.fusion-rollover-gallery):not(.add_to_cart_button):not(.show_details_button):not(.product_type_external):not(.fusion-quick-view):not(.fusion-rollover-title-link):before, .fusion-fullwidth.fusion-builder-row-2 a:not(.fusion-button):not(.fusion-builder-module-control):not(.fusion-social-network-icon):not(.fb-icon-element):not(.fusion-countdown-link):not(.fusion-rollover-link):not(.fusion-rollover-gallery):not(.add_to_cart_button):not(.show_details_button):not(.product_type_external):not(.fusion-quick-view):not(.fusion-rollover-title-link):after {color: #e31e25;}.fusion-fullwidth.fusion-builder-row-2 a:not(.fusion-button):not(.fusion-builder-module-control):not(.fusion-social-network-icon):not(.fb-icon-element):not(.fusion-countdown-link):not(.fusion-rollover-link):not(.fusion-rollover-gallery):not(.add_to_cart_button):not(.show_details_button):not(.product_type_external):not(.fusion-quick-view):not(.fusion-rollover-title-link):hover, .fusion-fullwidth.fusion-builder-row-2 a:not(.fusion-button):not(.fusion-builder-module-control):not(.fusion-social-network-icon):not(.fb-icon-element):not(.fusion-countdown-link):not(.fusion-rollover-link):not(.fusion-rollover-gallery):not(.add_to_cart_button):not(.show_details_button):not(.product_type_external):not(.fusion-quick-view):not(.fusion-rollover-title-link):hover:before, .fusion-fullwidth.fusion-builder-row-2 a:not(.fusion-button):not(.fusion-builder-module-control):not(.fusion-social-network-icon):not(.fb-icon-element):not(.fusion-countdown-link):not(.fusion-rollover-link):not(.fusion-rollover-gallery):not(.add_to_cart_button):not(.show_details_button):not(.product_type_external):not(.fusion-quick-view):not(.fusion-rollover-title-link):hover:after {color: #3535ae;}.fusion-fullwidth.fusion-builder-row-2 .pagination a.inactive:hover, .fusion-fullwidth.fusion-builder-row-2 .fusion-filters .fusion-filter.fusion-active a {border-color: #3535ae;}.fusion-fullwidth.fusion-builder-row-2 .pagination .current {border-color: #3535ae; background-color: #3535ae;}.fusion-fullwidth.fusion-builder-row-2 .fusion-filters .fusion-filter.fusion-active a, .fusion-fullwidth.fusion-builder-row-2 .fusion-date-and-formats .fusion-format-box, .fusion-fullwidth.fusion-builder-row-2 .fusion-popover, .fusion-fullwidth.fusion-builder-row-2 .tooltip-shortcode {color: #3535ae;}#main .fusion-fullwidth.fusion-builder-row-2 .post .blog-shortcode-post-title a:hover {color: #3535ae;}<\/style><\/p>\n","protected":false},"excerpt":{"rendered":"","protected":false},"author":3,"featured_media":0,"parent":0,"menu_order":0,"comment_status":"closed","ping_status":"closed","template":"100-width.php","meta":{"footnotes":""},"yoast_head":"<!-- This site is optimized with the Yoast SEO plugin v21.1 - https:\/\/yoast.com\/wordpress\/plugins\/seo\/ -->\n<title>WSZD - RODOS Praga - Kompletna diagnostyka drogowa<\/title>\n<meta name=\"robots\" content=\"index, follow, max-snippet:-1, max-image-preview:large, max-video-preview:-1\" \/>\n<link rel=\"canonical\" href=\"https:\/\/rodos-praha.cz\/vshv\/\" \/>\n<meta property=\"og:locale\" content=\"pl_PL\" \/>\n<meta property=\"og:type\" content=\"article\" \/>\n<meta property=\"og:title\" content=\"WSZD - RODOS Praga - Kompletna diagnostyka drogowa\" \/>\n<meta property=\"og:url\" content=\"https:\/\/rodos-praha.cz\/vshv\/\" \/>\n<meta property=\"og:site_name\" content=\"RODOS Praga - Kompletna diagnostyka drogowa\" \/>\n<meta property=\"article:modified_time\" content=\"2023-09-07T21:40:12+00:00\" \/>\n<meta name=\"twitter:card\" content=\"summary_large_image\" \/>\n<meta name=\"twitter:label1\" content=\"Szacowany czas czytania\" \/>\n\t<meta name=\"twitter:data1\" content=\"15 minut\" \/>\n<script type=\"application\/ld+json\" class=\"yoast-schema-graph\">{\"@context\":\"https:\/\/schema.org\",\"@graph\":[{\"@type\":\"WebPage\",\"@id\":\"https:\/\/rodos-praha.cz\/vshv\/\",\"url\":\"https:\/\/rodos-praha.cz\/vshv\/\",\"name\":\"WSZD - RODOS Praga - Kompletna diagnostyka drogowa\",\"isPartOf\":{\"@id\":\"https:\/\/rodos-praha.cz\/#website\"},\"datePublished\":\"2023-09-07T20:51:44+00:00\",\"dateModified\":\"2023-09-07T21:40:12+00:00\",\"inLanguage\":\"pl-PL\",\"potentialAction\":[{\"@type\":\"ReadAction\",\"target\":[\"https:\/\/rodos-praha.cz\/vshv\/\"]}]},{\"@type\":\"WebSite\",\"@id\":\"https:\/\/rodos-praha.cz\/#website\",\"url\":\"https:\/\/rodos-praha.cz\/\",\"name\":\"RODOS Praga - Kompletna diagnostyka drogowa\",\"description\":\"Diagnostyka dr\u00f3g, autostrad i teren\u00f3w lotniskowych\",\"potentialAction\":[{\"@type\":\"SearchAction\",\"target\":{\"@type\":\"EntryPoint\",\"urlTemplate\":\"https:\/\/rodos-praha.cz\/?s={search_term_string}\"},\"query-input\":\"required name=search_term_string\"}],\"inLanguage\":\"pl-PL\"}]}<\/script>\n<!-- \/ Yoast SEO plugin. -->","yoast_head_json":{"title":"WSZD - RODOS Praga - Kompletna diagnostyka drogowa","robots":{"index":"index","follow":"follow","max-snippet":"max-snippet:-1","max-image-preview":"max-image-preview:large","max-video-preview":"max-video-preview:-1"},"canonical":"https:\/\/rodos-praha.cz\/vshv\/","og_locale":"pl_PL","og_type":"article","og_title":"WSZD - RODOS Praga - Kompletna diagnostyka drogowa","og_url":"https:\/\/rodos-praha.cz\/vshv\/","og_site_name":"RODOS Praga - Kompletna diagnostyka drogowa","article_modified_time":"2023-09-07T21:40:12+00:00","twitter_card":"summary_large_image","twitter_misc":{"Szacowany czas czytania":"15 minut"},"schema":{"@context":"https:\/\/schema.org","@graph":[{"@type":"WebPage","@id":"https:\/\/rodos-praha.cz\/vshv\/","url":"https:\/\/rodos-praha.cz\/vshv\/","name":"WSZD - RODOS Praga - Kompletna diagnostyka drogowa","isPartOf":{"@id":"https:\/\/rodos-praha.cz\/#website"},"datePublished":"2023-09-07T20:51:44+00:00","dateModified":"2023-09-07T21:40:12+00:00","inLanguage":"pl-PL","potentialAction":[{"@type":"ReadAction","target":["https:\/\/rodos-praha.cz\/vshv\/"]}]},{"@type":"WebSite","@id":"https:\/\/rodos-praha.cz\/#website","url":"https:\/\/rodos-praha.cz\/","name":"RODOS Praga - Kompletna diagnostyka drogowa","description":"Diagnostyka dr\u00f3g, autostrad i teren\u00f3w lotniskowych","potentialAction":[{"@type":"SearchAction","target":{"@type":"EntryPoint","urlTemplate":"https:\/\/rodos-praha.cz\/?s={search_term_string}"},"query-input":"required name=search_term_string"}],"inLanguage":"pl-PL"}]}},"_links":{"self":[{"href":"https:\/\/rodos-praha.cz\/pl\/wp-json\/wp\/v2\/pages\/866"}],"collection":[{"href":"https:\/\/rodos-praha.cz\/pl\/wp-json\/wp\/v2\/pages"}],"about":[{"href":"https:\/\/rodos-praha.cz\/pl\/wp-json\/wp\/v2\/types\/page"}],"author":[{"embeddable":true,"href":"https:\/\/rodos-praha.cz\/pl\/wp-json\/wp\/v2\/users\/3"}],"replies":[{"embeddable":true,"href":"https:\/\/rodos-praha.cz\/pl\/wp-json\/wp\/v2\/comments?post=866"}],"version-history":[{"count":8,"href":"https:\/\/rodos-praha.cz\/pl\/wp-json\/wp\/v2\/pages\/866\/revisions"}],"predecessor-version":[{"id":900,"href":"https:\/\/rodos-praha.cz\/pl\/wp-json\/wp\/v2\/pages\/866\/revisions\/900"}],"wp:attachment":[{"href":"https:\/\/rodos-praha.cz\/pl\/wp-json\/wp\/v2\/media?parent=866"}],"curies":[{"name":"wp","href":"https:\/\/api.w.org\/{rel}","templated":true}]}}