{"id":858,"date":"2023-09-07T22:38:27","date_gmt":"2023-09-07T20:38:27","guid":{"rendered":"https:\/\/rodos-praha.cz\/rozwoj-fwd-hwd\/"},"modified":"2023-09-07T22:38:28","modified_gmt":"2023-09-07T20:38:28","slug":"rozwoj-fwd-hwd","status":"publish","type":"page","link":"https:\/\/rodos-praha.cz\/pl\/rozwoj-fwd-hwd\/","title":{"rendered":"Rozw\u00f3j FWD\/HWD"},"content":{"rendered":"<div class=\"fusion-fullwidth fullwidth-box fusion-builder-row-1 nonhundred-percent-fullwidth non-hundred-percent-height-scrolling\"  style='background-color: rgba(255,255,255,0);background-position: center center;background-repeat: no-repeat;padding-right:0px;padding-left:0px;'><div class=\"fusion-builder-row fusion-row \"><div  class=\"fusion-layout-column fusion_builder_column fusion_builder_column_2_3 fusion-builder-column-0 fusion-two-third fusion-column-first 2_3\"  style='margin-top:0px;margin-bottom:0px;width:66.66%;width:calc(66.66% - ( ( 4% ) * 0.6666 ) );margin-right: 4%;'><div class=\"fusion-column-wrapper\" style=\"padding: 0px 0px 0px 0px;background-position:left top;background-repeat:no-repeat;-webkit-background-size:cover;-moz-background-size:cover;-o-background-size:cover;background-size:cover;\"   data-bg-url=\"\"><style type=\"text\/css\">@media only screen and (max-width:1024px) {.fusion-title.fusion-title-1{margin-top:0px!important;margin-bottom:1em!important;}}<\/style><div class=\"fusion-title title fusion-title-1 fusion-sep-none fusion-title-text fusion-title-size-two\" style=\"font-size:1.25em;margin-top:1em;margin-bottom:0.5em;\"><h2 class=\"title-heading-left\" style=\"margin:0;font-size:1em;\">Sprz\u0119t do kalibracji dla FWD\/HWD<\/h2><\/div><div class=\"fusion-text\"><p style=\"text-align: justify;\">u\u017cywany do kalibracji geofon\u00f3w i&nbsp;miernik\u00f3w si\u0142y. Program komputerowy rejestruje zmierzone warto\u015bci a\u017c 10 geofon\u00f3w oraz akcelerometru referencyjnego umieszczonego w kolumnie kalibracyjnej i&nbsp;oblicza sta\u0142e kalibracyjne dla ka\u017cdego z&nbsp;geofon\u00f3w.<br \/>\nPodczas kalibracji czujnika wagowego za pomoc\u0105 prasy kalibracyjnej oprogramowanie rejestruje zmierzone si\u0142y wy\u015bwietlane przez czujniki odniesienia i&nbsp;skalibrowane oraz oblicza now\u0105 warto\u015b\u0107 kalibracyjn\u0105.<\/p>\n<\/div><style type=\"text\/css\">@media only screen and (max-width:1024px) {.fusion-title.fusion-title-2{margin-top:0px!important;margin-bottom:1em!important;}}<\/style><div class=\"fusion-title title fusion-title-2 fusion-sep-none fusion-title-text fusion-title-size-two\" style=\"font-size:1.25em;margin-top:1em;margin-bottom:0.5em;\"><h2 class=\"title-heading-left\" style=\"margin:0;font-size:1em;\">Si\u0142omierz hydrauliczny<\/h2><\/div><div class=\"fusion-text\"><p style=\"text-align: justify;\">Pierwotnie zosta\u0142 opracowany na potrzeby kalibracji si\u0142omierzy dla FWD\/HWD jako miernik si\u0142y odniesienia z&nbsp;dwukrotnie wi\u0119ksz\u0105 dok\u0142adno\u015bci\u0105 ni\u017c powszechnie stosowane mierniki si\u0142y. Wyj\u015bcie 0-5 V, dok\u0142adno\u015b\u0107 0,03%, zakres 0-350 kN. Ze wzgl\u0119du na swoj\u0105 wytrzyma\u0142o\u015b\u0107 jest dzi\u015b stosowany do pomiaru si\u0142y obci\u0105\u017cenia w deflektometrach RODOS.<\/p>\n<\/div><style type=\"text\/css\">@media only screen and (max-width:1024px) {.fusion-title.fusion-title-3{margin-top:0px!important;margin-bottom:1em!important;}}<\/style><div class=\"fusion-title title fusion-title-3 fusion-sep-none fusion-title-text fusion-title-size-two\" style=\"font-size:1.25em;margin-top:1em;margin-bottom:0.5em;\"><h2 class=\"title-heading-left\" style=\"margin:0;font-size:1em;\">Automatyczny penetrometr<\/h2><\/div><div class=\"fusion-text\"><p style=\"text-align: justify;\">S\u0142u\u017cy do okre\u015blania CBR grunt\u00f3w pod spodem in situ.<br \/>\nPenetrometr nap\u0119dzany silnikiem elektrycznym z&nbsp;automatyczn\u0105 rejestracj\u0105 penetracji do notebooka. Program obliczeniowy wyznacza przebieg CBR ocenianego pod\u0142o\u017ca.<\/p>\n<\/div><div class=\"fusion-clearfix\"><\/div><\/div><\/div><div  class=\"fusion-layout-column fusion_builder_column fusion_builder_column_1_3 fusion-builder-column-1 fusion-one-third fusion-column-last 1_3\"  style='margin-top:0px;margin-bottom:0px;width:33.33%;width:calc(33.33% - ( ( 4% ) * 0.3333 ) );'><div class=\"fusion-column-wrapper\" style=\"padding: 0px 0px 0px 0px;background-position:left top;background-repeat:no-repeat;-webkit-background-size:cover;-moz-background-size:cover;-o-background-size:cover;background-size:cover;\"   data-bg-url=\"\"><div class=\"imageframe-align-center\"><span style=\"width:100%;max-width:180px;\" class=\"fusion-imageframe imageframe-none imageframe-1 hover-type-none\"><a href=\"https:\/\/rodos-praha.cz\/wp-content\/uploads\/2020\/11\/penetro.jpg\" class=\"fusion-lightbox\" data-rel=\"iLightbox[bdf158c09a67c0ba52d]\" data-title=\"Penetro\" title=\"Penetro\"><img decoding=\"async\" loading=\"lazy\" src=\"https:\/\/rodos-praha.cz\/wp-content\/uploads\/2020\/11\/penetro.jpg\" width=\"264\" height=\"693\" alt=\"\" class=\"img-responsive wp-image-861\" srcset=\"https:\/\/rodos-praha.cz\/wp-content\/uploads\/2020\/11\/penetro-200x525.jpg 200w, https:\/\/rodos-praha.cz\/wp-content\/uploads\/2020\/11\/penetro.jpg 264w\" sizes=\"(max-width: 1024px) 100vw, 264px\" \/><\/a><\/span><\/div><div class=\"fusion-clearfix\"><\/div><\/div><\/div><\/div><\/div><style type=\"text\/css\">.fusion-fullwidth.fusion-builder-row-1 a:not(.fusion-button):not(.fusion-builder-module-control):not(.fusion-social-network-icon):not(.fb-icon-element):not(.fusion-countdown-link):not(.fusion-rollover-link):not(.fusion-rollover-gallery):not(.add_to_cart_button):not(.show_details_button):not(.product_type_external):not(.fusion-quick-view):not(.fusion-rollover-title-link) , .fusion-fullwidth.fusion-builder-row-1 a:not(.fusion-button):not(.fusion-builder-module-control):not(.fusion-social-network-icon):not(.fb-icon-element):not(.fusion-countdown-link):not(.fusion-rollover-link):not(.fusion-rollover-gallery):not(.add_to_cart_button):not(.show_details_button):not(.product_type_external):not(.fusion-quick-view):not(.fusion-rollover-title-link):before, .fusion-fullwidth.fusion-builder-row-1 a:not(.fusion-button):not(.fusion-builder-module-control):not(.fusion-social-network-icon):not(.fb-icon-element):not(.fusion-countdown-link):not(.fusion-rollover-link):not(.fusion-rollover-gallery):not(.add_to_cart_button):not(.show_details_button):not(.product_type_external):not(.fusion-quick-view):not(.fusion-rollover-title-link):after {color: #e31e25;}.fusion-fullwidth.fusion-builder-row-1 a:not(.fusion-button):not(.fusion-builder-module-control):not(.fusion-social-network-icon):not(.fb-icon-element):not(.fusion-countdown-link):not(.fusion-rollover-link):not(.fusion-rollover-gallery):not(.add_to_cart_button):not(.show_details_button):not(.product_type_external):not(.fusion-quick-view):not(.fusion-rollover-title-link):hover, .fusion-fullwidth.fusion-builder-row-1 a:not(.fusion-button):not(.fusion-builder-module-control):not(.fusion-social-network-icon):not(.fb-icon-element):not(.fusion-countdown-link):not(.fusion-rollover-link):not(.fusion-rollover-gallery):not(.add_to_cart_button):not(.show_details_button):not(.product_type_external):not(.fusion-quick-view):not(.fusion-rollover-title-link):hover:before, .fusion-fullwidth.fusion-builder-row-1 a:not(.fusion-button):not(.fusion-builder-module-control):not(.fusion-social-network-icon):not(.fb-icon-element):not(.fusion-countdown-link):not(.fusion-rollover-link):not(.fusion-rollover-gallery):not(.add_to_cart_button):not(.show_details_button):not(.product_type_external):not(.fusion-quick-view):not(.fusion-rollover-title-link):hover:after {color: #3535ae;}.fusion-fullwidth.fusion-builder-row-1 .pagination a.inactive:hover, .fusion-fullwidth.fusion-builder-row-1 .fusion-filters .fusion-filter.fusion-active a {border-color: #3535ae;}.fusion-fullwidth.fusion-builder-row-1 .pagination .current {border-color: #3535ae; background-color: #3535ae;}.fusion-fullwidth.fusion-builder-row-1 .fusion-filters .fusion-filter.fusion-active a, .fusion-fullwidth.fusion-builder-row-1 .fusion-date-and-formats .fusion-format-box, .fusion-fullwidth.fusion-builder-row-1 .fusion-popover, .fusion-fullwidth.fusion-builder-row-1 .tooltip-shortcode {color: #3535ae;}#main .fusion-fullwidth.fusion-builder-row-1 .post .blog-shortcode-post-title a:hover {color: #3535ae;}<\/style>\n","protected":false},"excerpt":{"rendered":"","protected":false},"author":3,"featured_media":0,"parent":0,"menu_order":0,"comment_status":"closed","ping_status":"closed","template":"100-width.php","meta":{"footnotes":""},"yoast_head":"<!-- This site is optimized with the Yoast SEO plugin v21.1 - https:\/\/yoast.com\/wordpress\/plugins\/seo\/ -->\n<title>Rozw\u00f3j FWD\/HWD - RODOS Praga - Kompletna diagnostyka drogowa<\/title>\n<meta name=\"robots\" content=\"index, follow, max-snippet:-1, max-image-preview:large, max-video-preview:-1\" \/>\n<link rel=\"canonical\" href=\"https:\/\/rodos-praha.cz\/rozvoj-fwd-hwd\/\" \/>\n<meta property=\"og:locale\" content=\"pl_PL\" \/>\n<meta property=\"og:type\" content=\"article\" \/>\n<meta property=\"og:title\" content=\"Rozw\u00f3j FWD\/HWD - RODOS Praga - Kompletna diagnostyka drogowa\" \/>\n<meta property=\"og:url\" content=\"https:\/\/rodos-praha.cz\/rozvoj-fwd-hwd\/\" \/>\n<meta property=\"og:site_name\" content=\"RODOS Praga - Kompletna diagnostyka drogowa\" \/>\n<meta property=\"article:modified_time\" content=\"2023-09-07T20:38:28+00:00\" \/>\n<meta name=\"twitter:card\" content=\"summary_large_image\" \/>\n<meta name=\"twitter:label1\" content=\"Szacowany czas czytania\" \/>\n\t<meta name=\"twitter:data1\" content=\"6 minut\" \/>\n<script type=\"application\/ld+json\" class=\"yoast-schema-graph\">{\"@context\":\"https:\/\/schema.org\",\"@graph\":[{\"@type\":\"WebPage\",\"@id\":\"https:\/\/rodos-praha.cz\/rozvoj-fwd-hwd\/\",\"url\":\"https:\/\/rodos-praha.cz\/rozvoj-fwd-hwd\/\",\"name\":\"Rozw\u00f3j FWD\/HWD - RODOS Praga - Kompletna diagnostyka drogowa\",\"isPartOf\":{\"@id\":\"https:\/\/rodos-praha.cz\/#website\"},\"datePublished\":\"2023-09-07T20:38:27+00:00\",\"dateModified\":\"2023-09-07T20:38:28+00:00\",\"inLanguage\":\"pl-PL\",\"potentialAction\":[{\"@type\":\"ReadAction\",\"target\":[\"https:\/\/rodos-praha.cz\/rozvoj-fwd-hwd\/\"]}]},{\"@type\":\"WebSite\",\"@id\":\"https:\/\/rodos-praha.cz\/#website\",\"url\":\"https:\/\/rodos-praha.cz\/\",\"name\":\"RODOS Praga - Kompletna diagnostyka drogowa\",\"description\":\"Diagnostyka dr\u00f3g, autostrad i teren\u00f3w lotniskowych\",\"potentialAction\":[{\"@type\":\"SearchAction\",\"target\":{\"@type\":\"EntryPoint\",\"urlTemplate\":\"https:\/\/rodos-praha.cz\/?s={search_term_string}\"},\"query-input\":\"required name=search_term_string\"}],\"inLanguage\":\"pl-PL\"}]}<\/script>\n<!-- \/ Yoast SEO plugin. -->","yoast_head_json":{"title":"Rozw\u00f3j FWD\/HWD - RODOS Praga - Kompletna diagnostyka drogowa","robots":{"index":"index","follow":"follow","max-snippet":"max-snippet:-1","max-image-preview":"max-image-preview:large","max-video-preview":"max-video-preview:-1"},"canonical":"https:\/\/rodos-praha.cz\/rozvoj-fwd-hwd\/","og_locale":"pl_PL","og_type":"article","og_title":"Rozw\u00f3j FWD\/HWD - RODOS Praga - Kompletna diagnostyka drogowa","og_url":"https:\/\/rodos-praha.cz\/rozvoj-fwd-hwd\/","og_site_name":"RODOS Praga - Kompletna diagnostyka drogowa","article_modified_time":"2023-09-07T20:38:28+00:00","twitter_card":"summary_large_image","twitter_misc":{"Szacowany czas czytania":"6 minut"},"schema":{"@context":"https:\/\/schema.org","@graph":[{"@type":"WebPage","@id":"https:\/\/rodos-praha.cz\/rozvoj-fwd-hwd\/","url":"https:\/\/rodos-praha.cz\/rozvoj-fwd-hwd\/","name":"Rozw\u00f3j FWD\/HWD - RODOS Praga - Kompletna diagnostyka drogowa","isPartOf":{"@id":"https:\/\/rodos-praha.cz\/#website"},"datePublished":"2023-09-07T20:38:27+00:00","dateModified":"2023-09-07T20:38:28+00:00","inLanguage":"pl-PL","potentialAction":[{"@type":"ReadAction","target":["https:\/\/rodos-praha.cz\/rozvoj-fwd-hwd\/"]}]},{"@type":"WebSite","@id":"https:\/\/rodos-praha.cz\/#website","url":"https:\/\/rodos-praha.cz\/","name":"RODOS Praga - Kompletna diagnostyka drogowa","description":"Diagnostyka dr\u00f3g, autostrad i teren\u00f3w lotniskowych","potentialAction":[{"@type":"SearchAction","target":{"@type":"EntryPoint","urlTemplate":"https:\/\/rodos-praha.cz\/?s={search_term_string}"},"query-input":"required name=search_term_string"}],"inLanguage":"pl-PL"}]}},"_links":{"self":[{"href":"https:\/\/rodos-praha.cz\/pl\/wp-json\/wp\/v2\/pages\/858"}],"collection":[{"href":"https:\/\/rodos-praha.cz\/pl\/wp-json\/wp\/v2\/pages"}],"about":[{"href":"https:\/\/rodos-praha.cz\/pl\/wp-json\/wp\/v2\/types\/page"}],"author":[{"embeddable":true,"href":"https:\/\/rodos-praha.cz\/pl\/wp-json\/wp\/v2\/users\/3"}],"replies":[{"embeddable":true,"href":"https:\/\/rodos-praha.cz\/pl\/wp-json\/wp\/v2\/comments?post=858"}],"version-history":[{"count":3,"href":"https:\/\/rodos-praha.cz\/pl\/wp-json\/wp\/v2\/pages\/858\/revisions"}],"predecessor-version":[{"id":864,"href":"https:\/\/rodos-praha.cz\/pl\/wp-json\/wp\/v2\/pages\/858\/revisions\/864"}],"wp:attachment":[{"href":"https:\/\/rodos-praha.cz\/pl\/wp-json\/wp\/v2\/media?parent=858"}],"curies":[{"name":"wp","href":"https:\/\/api.w.org\/{rel}","templated":true}]}}