{"id":764,"date":"2023-09-07T16:37:49","date_gmt":"2023-09-07T14:37:49","guid":{"rendered":"https:\/\/rodos-praha.cz\/profil-firmy\/"},"modified":"2023-09-13T11:55:14","modified_gmt":"2023-09-13T09:55:14","slug":"profil-firmy","status":"publish","type":"page","link":"https:\/\/rodos-praha.cz\/pl\/","title":{"rendered":"Profil firmy"},"content":{"rendered":"<p><div class=\"fusion-fullwidth fullwidth-box fusion-builder-row-1 nonhundred-percent-fullwidth non-hundred-percent-height-scrolling fusion-equal-height-columns\"  style='background-color: rgba(255,255,255,0);background-position: center center;background-repeat: no-repeat;padding-top:5em;padding-right:0px;padding-bottom:0px;padding-left:0px;'><div class=\"fusion-builder-row fusion-row \"><div  class=\"fusion-layout-column fusion_builder_column fusion_builder_column_1_2 fusion-builder-column-0 fusion-one-half fusion-column-first 1_2\"  style='margin-top:0px;margin-bottom:0px;width:50%;width:calc(50% - ( ( 4% ) * 0.5 ) );margin-right: 4%;'><div class=\"fusion-column-wrapper\" style=\"padding: 0px 0px 0px 0px;background-position:left top;background-repeat:no-repeat;-webkit-background-size:cover;-moz-background-size:cover;-o-background-size:cover;background-size:cover;\"   data-bg-url=\"\"><style type=\"text\/css\">@media only screen and (max-width:1024px) {.fusion-title.fusion-title-1{margin-top:0px!important;margin-bottom:1em!important;}}<\/style><div class=\"fusion-title title fusion-title-1 fusion-sep-none fusion-title-text fusion-title-size-two\" style=\"font-size:1.5em;margin-top:0px;margin-bottom:0.5em;\"><h2 class=\"title-heading-left\" style=\"margin:0;font-size:1em;\">Kim jeste\u015bmy?<\/h2><\/div><div class=\"fusion-text\"><p style=\"text-align: justify;\">Firma Ing. Pavel Herrmann-RODOS zosta\u0142a za\u0142o\u017cona w 1995 roku w celu tworzenia oprogramowania dla Wielopoziomowego Systemu Zarz\u0105dzania Drogami. Od 1998 r. obowi\u0105zuje plan naprawy awaryjnych odcink\u00f3w dr\u00f3g I. i&nbsp;II. zaj\u0119\u0107 przygotowywanych przez ten system.<br \/>\nNa przestrzeni ostatnich lat nasza dzia\u0142alno\u015b\u0107 rozszerzy\u0142a si\u0119 o&nbsp;inne obszary maj\u0105ce na celu uzupe\u0142nienie brakuj\u0105cych danych o&nbsp;drogach oraz kompleksow\u0105 ocen\u0119 stanu jezdni i&nbsp;zaprojektowanie technologii naprawy. Opracowali\u015bmy tak\u017ce w\u0142asny sprz\u0119t do pomiaru ugi\u0119cia nawierzchni.<\/p>\n<\/div><div class=\"fusion-clearfix\"><\/div><\/div><\/div><div  class=\"fusion-layout-column fusion_builder_column fusion_builder_column_1_2 fusion-builder-column-1 fusion-one-half fusion-column-last 1_2\"  style='margin-top:0px;margin-bottom:0px;width:50%;width:calc(50% - ( ( 4% ) * 0.5 ) );'><div class=\"fusion-column-wrapper\" style=\"padding: 0px 0px 0px 0px;background-image: url('https:\/\/rodos-praha.cz\/wp-content\/uploads\/2023\/09\/IMG_20230313_085538-scaled.jpg');background-position:center center;background-repeat:no-repeat;-webkit-background-size:cover;-moz-background-size:cover;-o-background-size:cover;background-size:cover;\"   data-bg-url=\"https:\/\/rodos-praha.cz\/wp-content\/uploads\/2023\/09\/IMG_20230313_085538-scaled.jpg\"><div class=\"fusion-clearfix\"><\/div><\/div><\/div><\/div><\/div><style type=\"text\/css\">.fusion-fullwidth.fusion-builder-row-1 a:not(.fusion-button):not(.fusion-builder-module-control):not(.fusion-social-network-icon):not(.fb-icon-element):not(.fusion-countdown-link):not(.fusion-rollover-link):not(.fusion-rollover-gallery):not(.add_to_cart_button):not(.show_details_button):not(.product_type_external):not(.fusion-quick-view):not(.fusion-rollover-title-link) , .fusion-fullwidth.fusion-builder-row-1 a:not(.fusion-button):not(.fusion-builder-module-control):not(.fusion-social-network-icon):not(.fb-icon-element):not(.fusion-countdown-link):not(.fusion-rollover-link):not(.fusion-rollover-gallery):not(.add_to_cart_button):not(.show_details_button):not(.product_type_external):not(.fusion-quick-view):not(.fusion-rollover-title-link):before, .fusion-fullwidth.fusion-builder-row-1 a:not(.fusion-button):not(.fusion-builder-module-control):not(.fusion-social-network-icon):not(.fb-icon-element):not(.fusion-countdown-link):not(.fusion-rollover-link):not(.fusion-rollover-gallery):not(.add_to_cart_button):not(.show_details_button):not(.product_type_external):not(.fusion-quick-view):not(.fusion-rollover-title-link):after {color: #e31e25;}.fusion-fullwidth.fusion-builder-row-1 a:not(.fusion-button):not(.fusion-builder-module-control):not(.fusion-social-network-icon):not(.fb-icon-element):not(.fusion-countdown-link):not(.fusion-rollover-link):not(.fusion-rollover-gallery):not(.add_to_cart_button):not(.show_details_button):not(.product_type_external):not(.fusion-quick-view):not(.fusion-rollover-title-link):hover, .fusion-fullwidth.fusion-builder-row-1 a:not(.fusion-button):not(.fusion-builder-module-control):not(.fusion-social-network-icon):not(.fb-icon-element):not(.fusion-countdown-link):not(.fusion-rollover-link):not(.fusion-rollover-gallery):not(.add_to_cart_button):not(.show_details_button):not(.product_type_external):not(.fusion-quick-view):not(.fusion-rollover-title-link):hover:before, .fusion-fullwidth.fusion-builder-row-1 a:not(.fusion-button):not(.fusion-builder-module-control):not(.fusion-social-network-icon):not(.fb-icon-element):not(.fusion-countdown-link):not(.fusion-rollover-link):not(.fusion-rollover-gallery):not(.add_to_cart_button):not(.show_details_button):not(.product_type_external):not(.fusion-quick-view):not(.fusion-rollover-title-link):hover:after {color: #3535ae;}.fusion-fullwidth.fusion-builder-row-1 .pagination a.inactive:hover, .fusion-fullwidth.fusion-builder-row-1 .fusion-filters .fusion-filter.fusion-active a {border-color: #3535ae;}.fusion-fullwidth.fusion-builder-row-1 .pagination .current {border-color: #3535ae; background-color: #3535ae;}.fusion-fullwidth.fusion-builder-row-1 .fusion-filters .fusion-filter.fusion-active a, .fusion-fullwidth.fusion-builder-row-1 .fusion-date-and-formats .fusion-format-box, .fusion-fullwidth.fusion-builder-row-1 .fusion-popover, .fusion-fullwidth.fusion-builder-row-1 .tooltip-shortcode {color: #3535ae;}#main .fusion-fullwidth.fusion-builder-row-1 .post .blog-shortcode-post-title a:hover {color: #3535ae;}<\/style><div class=\"fusion-fullwidth fullwidth-box fusion-builder-row-2 nonhundred-percent-fullwidth non-hundred-percent-height-scrolling\"  style='background-color: rgba(255,255,255,0);background-position: center center;background-repeat: no-repeat;padding-top:0px;padding-right:0px;padding-bottom:0px;padding-left:0px;'><div class=\"fusion-builder-row fusion-row \"><div  class=\"fusion-layout-column fusion_builder_column fusion_builder_column_1_1 fusion-builder-column-2 fusion-one-full fusion-column-first fusion-column-last 1_1\"  style='margin-top:0px;margin-bottom:0px;'><div class=\"fusion-column-wrapper\" style=\"padding: 0px 0px 0px 0px;background-position:left top;background-repeat:no-repeat;-webkit-background-size:cover;-moz-background-size:cover;-o-background-size:cover;background-size:cover;\"   data-bg-url=\"\"><style type=\"text\/css\">@media only screen and (max-width:1024px) {.fusion-title.fusion-title-2{margin-top:0px!important;margin-bottom:1em!important;}}<\/style><div class=\"fusion-title title fusion-title-2 fusion-sep-none fusion-title-text fusion-title-size-two\" style=\"font-size:1.5em;margin-top:1em;margin-bottom:0.5em;\"><h2 class=\"title-heading-left\" style=\"margin:0;font-size:1em;\">Diagnostyka i&nbsp;projektowanie napraw dr\u00f3g<\/h2><\/div><div class=\"fusion-text\"><p style=\"text-align: justify;\">Jest to zesp\u00f3\u0142 dzia\u0142a\u0144 maj\u0105cych na celu zebranie informacji niezb\u0119dnych do poprawnego technicznie i&nbsp;technologicznie wykonalnego remontu dr\u00f3g. Nale\u017c\u0105 do nich wykonanie odwiert\u00f3w rdzeniowych i&nbsp;wykonanie sond wierconych, udost\u0119pnienie laboratorium drogowego asfalt\u00f3w i&nbsp;grunt\u00f3w, pomiary no\u015bno\u015bci, obliczenia pozosta\u0142ego okresu u\u017cytkowania, projektowanie zbrojenia i&nbsp;technologia naprawy dr\u00f3g.<br \/>\nOd 1996 roku wykonali\u015bmy ponad 5000 projekt\u00f3w technologii naprawy dr\u00f3g i&nbsp;przeprowadzili\u015bmy oceny PCN na oko\u0142o 40 lotniskach w Europie i&nbsp;za granic\u0105.<\/p>\n<\/div><div class=\"fusion-clearfix\"><\/div><\/div><\/div><div  class=\"fusion-layout-column fusion_builder_column fusion_builder_column_1_1 fusion-builder-column-3 fusion-one-full fusion-column-first fusion-column-last 1_1\"  style='margin-top:0px;margin-bottom:0px;'><div class=\"fusion-column-wrapper\" style=\"padding: 0px 0px 0px 0px;background-position:left top;background-repeat:no-repeat;-webkit-background-size:cover;-moz-background-size:cover;-o-background-size:cover;background-size:cover;\"   data-bg-url=\"\"><style type=\"text\/css\">@media only screen and (max-width:1024px) {.fusion-title.fusion-title-3{margin-top:0px!important;margin-bottom:1em!important;}}<\/style><div class=\"fusion-title title fusion-title-3 fusion-sep-none fusion-title-text fusion-title-size-two\" style=\"font-size:1.5em;margin-top:1em;margin-bottom:0.5em;\"><h2 class=\"title-heading-left\" style=\"margin:0;font-size:1em;\">Produkcja FWD\/HWD<\/h2><\/div><div class=\"fusion-text\"><p style=\"text-align: justify;\">Kolejnym obszarem dzia\u0142alno\u015bci jest produkcja urz\u0105dze\u0144 FWD\/HWD (Falling Weight Deflectometer \/ Heavy Weight Deflectometer) do pomiaru ugi\u0119\u0107 nawierzchni drogi przy t\u0142umionym uderzeniu.<br \/>\nZajmujemy si\u0119 opracowywaniem i&nbsp;aktualizacj\u0105 niezb\u0119dnego i&nbsp;powi\u0105zanego oprogramowania na potrzeby tego urz\u0105dzenia.<\/p>\n<\/div><style type=\"text\/css\">@media only screen and (max-width:1024px) {.fusion-title.fusion-title-4{margin-top:0px!important;margin-bottom:1em!important;}}<\/style><div class=\"fusion-title title fusion-title-4 fusion-sep-none fusion-title-text fusion-title-size-three\" style=\"font-size:1.5em;margin-top:1em;margin-bottom:0.5em;\"><h3 class=\"title-heading-left\" style=\"margin:0;font-size:1em;\">Rozw\u00f3j oprogramowania<\/h3><\/div><div class=\"fusion-text\"><ul>\n<li style=\"text-align: justify;\">tworzenie aplikacji dla FWD \/ HWD &#8211; u\u017cytkownicy zagraniczni<\/li>\n<li style=\"text-align: justify;\">rozw\u00f3j aplikacji do dok\u0142adnego pomiaru odleg\u0142o\u015bci<\/li>\n<li style=\"text-align: justify;\">rozw\u00f3j aplikacji do dokumentacji fotograficznej nawierzchni drogowych<\/li>\n<li style=\"text-align: justify;\">rozw\u00f3j aplikacji do kalibracji czujnik\u00f3w FWD\/HWD<\/li>\n<li style=\"text-align: justify;\">rozw\u00f3j aplikacji do pomiaru CBR penetrometrem<\/li>\n<\/ul>\n<\/div><div class=\"fusion-clearfix\"><\/div><\/div><\/div><\/div><\/div><style type=\"text\/css\">.fusion-fullwidth.fusion-builder-row-2 a:not(.fusion-button):not(.fusion-builder-module-control):not(.fusion-social-network-icon):not(.fb-icon-element):not(.fusion-countdown-link):not(.fusion-rollover-link):not(.fusion-rollover-gallery):not(.add_to_cart_button):not(.show_details_button):not(.product_type_external):not(.fusion-quick-view):not(.fusion-rollover-title-link) , .fusion-fullwidth.fusion-builder-row-2 a:not(.fusion-button):not(.fusion-builder-module-control):not(.fusion-social-network-icon):not(.fb-icon-element):not(.fusion-countdown-link):not(.fusion-rollover-link):not(.fusion-rollover-gallery):not(.add_to_cart_button):not(.show_details_button):not(.product_type_external):not(.fusion-quick-view):not(.fusion-rollover-title-link):before, .fusion-fullwidth.fusion-builder-row-2 a:not(.fusion-button):not(.fusion-builder-module-control):not(.fusion-social-network-icon):not(.fb-icon-element):not(.fusion-countdown-link):not(.fusion-rollover-link):not(.fusion-rollover-gallery):not(.add_to_cart_button):not(.show_details_button):not(.product_type_external):not(.fusion-quick-view):not(.fusion-rollover-title-link):after {color: #e31e25;}.fusion-fullwidth.fusion-builder-row-2 a:not(.fusion-button):not(.fusion-builder-module-control):not(.fusion-social-network-icon):not(.fb-icon-element):not(.fusion-countdown-link):not(.fusion-rollover-link):not(.fusion-rollover-gallery):not(.add_to_cart_button):not(.show_details_button):not(.product_type_external):not(.fusion-quick-view):not(.fusion-rollover-title-link):hover, .fusion-fullwidth.fusion-builder-row-2 a:not(.fusion-button):not(.fusion-builder-module-control):not(.fusion-social-network-icon):not(.fb-icon-element):not(.fusion-countdown-link):not(.fusion-rollover-link):not(.fusion-rollover-gallery):not(.add_to_cart_button):not(.show_details_button):not(.product_type_external):not(.fusion-quick-view):not(.fusion-rollover-title-link):hover:before, .fusion-fullwidth.fusion-builder-row-2 a:not(.fusion-button):not(.fusion-builder-module-control):not(.fusion-social-network-icon):not(.fb-icon-element):not(.fusion-countdown-link):not(.fusion-rollover-link):not(.fusion-rollover-gallery):not(.add_to_cart_button):not(.show_details_button):not(.product_type_external):not(.fusion-quick-view):not(.fusion-rollover-title-link):hover:after {color: #3535ae;}.fusion-fullwidth.fusion-builder-row-2 .pagination a.inactive:hover, .fusion-fullwidth.fusion-builder-row-2 .fusion-filters .fusion-filter.fusion-active a {border-color: #3535ae;}.fusion-fullwidth.fusion-builder-row-2 .pagination .current {border-color: #3535ae; background-color: #3535ae;}.fusion-fullwidth.fusion-builder-row-2 .fusion-filters .fusion-filter.fusion-active a, .fusion-fullwidth.fusion-builder-row-2 .fusion-date-and-formats .fusion-format-box, .fusion-fullwidth.fusion-builder-row-2 .fusion-popover, .fusion-fullwidth.fusion-builder-row-2 .tooltip-shortcode {color: #3535ae;}#main .fusion-fullwidth.fusion-builder-row-2 .post .blog-shortcode-post-title a:hover {color: #3535ae;}<\/style><\/p>\n","protected":false},"excerpt":{"rendered":"","protected":false},"author":3,"featured_media":0,"parent":0,"menu_order":0,"comment_status":"closed","ping_status":"closed","template":"","meta":{"footnotes":""},"yoast_head":"<!-- This site is optimized with the Yoast SEO plugin v21.1 - https:\/\/yoast.com\/wordpress\/plugins\/seo\/ -->\n<title>Profil firmy - RODOS Praga - Kompletna diagnostyka drogowa<\/title>\n<meta name=\"robots\" content=\"index, follow, max-snippet:-1, max-image-preview:large, max-video-preview:-1\" \/>\n<link rel=\"canonical\" href=\"https:\/\/rodos-praha.cz\/pl\/profil-firmy\/\" \/>\n<meta property=\"og:locale\" content=\"pl_PL\" \/>\n<meta property=\"og:type\" content=\"article\" \/>\n<meta property=\"og:title\" content=\"Profil firmy - RODOS Praga - Kompletna diagnostyka drogowa\" \/>\n<meta property=\"og:url\" content=\"https:\/\/rodos-praha.cz\/pl\/profil-firmy\/\" \/>\n<meta property=\"og:site_name\" content=\"RODOS Praga - Kompletna diagnostyka drogowa\" \/>\n<meta property=\"article:modified_time\" content=\"2023-09-13T09:55:14+00:00\" \/>\n<meta name=\"twitter:card\" content=\"summary_large_image\" \/>\n<meta name=\"twitter:label1\" content=\"Szacowany czas czytania\" \/>\n\t<meta name=\"twitter:data1\" content=\"9 minut\" \/>\n<script type=\"application\/ld+json\" class=\"yoast-schema-graph\">{\"@context\":\"https:\/\/schema.org\",\"@graph\":[{\"@type\":\"WebPage\",\"@id\":\"https:\/\/rodos-praha.cz\/pl\/profil-firmy\/\",\"url\":\"https:\/\/rodos-praha.cz\/pl\/profil-firmy\/\",\"name\":\"Profil firmy - RODOS Praga - Kompletna diagnostyka drogowa\",\"isPartOf\":{\"@id\":\"https:\/\/rodos-praha.cz\/#website\"},\"datePublished\":\"2023-09-07T14:37:49+00:00\",\"dateModified\":\"2023-09-13T09:55:14+00:00\",\"inLanguage\":\"pl-PL\",\"potentialAction\":[{\"@type\":\"ReadAction\",\"target\":[\"https:\/\/rodos-praha.cz\/pl\/profil-firmy\/\"]}]},{\"@type\":\"WebSite\",\"@id\":\"https:\/\/rodos-praha.cz\/#website\",\"url\":\"https:\/\/rodos-praha.cz\/\",\"name\":\"RODOS Praga - Kompletna diagnostyka drogowa\",\"description\":\"Diagnostyka dr\u00f3g, autostrad i teren\u00f3w lotniskowych\",\"potentialAction\":[{\"@type\":\"SearchAction\",\"target\":{\"@type\":\"EntryPoint\",\"urlTemplate\":\"https:\/\/rodos-praha.cz\/?s={search_term_string}\"},\"query-input\":\"required name=search_term_string\"}],\"inLanguage\":\"pl-PL\"}]}<\/script>\n<!-- \/ Yoast SEO plugin. -->","yoast_head_json":{"title":"Profil firmy - RODOS Praga - Kompletna diagnostyka drogowa","robots":{"index":"index","follow":"follow","max-snippet":"max-snippet:-1","max-image-preview":"max-image-preview:large","max-video-preview":"max-video-preview:-1"},"canonical":"https:\/\/rodos-praha.cz\/pl\/profil-firmy\/","og_locale":"pl_PL","og_type":"article","og_title":"Profil firmy - RODOS Praga - Kompletna diagnostyka drogowa","og_url":"https:\/\/rodos-praha.cz\/pl\/profil-firmy\/","og_site_name":"RODOS Praga - Kompletna diagnostyka drogowa","article_modified_time":"2023-09-13T09:55:14+00:00","twitter_card":"summary_large_image","twitter_misc":{"Szacowany czas czytania":"9 minut"},"schema":{"@context":"https:\/\/schema.org","@graph":[{"@type":"WebPage","@id":"https:\/\/rodos-praha.cz\/pl\/profil-firmy\/","url":"https:\/\/rodos-praha.cz\/pl\/profil-firmy\/","name":"Profil firmy - RODOS Praga - Kompletna diagnostyka drogowa","isPartOf":{"@id":"https:\/\/rodos-praha.cz\/#website"},"datePublished":"2023-09-07T14:37:49+00:00","dateModified":"2023-09-13T09:55:14+00:00","inLanguage":"pl-PL","potentialAction":[{"@type":"ReadAction","target":["https:\/\/rodos-praha.cz\/pl\/profil-firmy\/"]}]},{"@type":"WebSite","@id":"https:\/\/rodos-praha.cz\/#website","url":"https:\/\/rodos-praha.cz\/","name":"RODOS Praga - Kompletna diagnostyka drogowa","description":"Diagnostyka dr\u00f3g, autostrad i teren\u00f3w lotniskowych","potentialAction":[{"@type":"SearchAction","target":{"@type":"EntryPoint","urlTemplate":"https:\/\/rodos-praha.cz\/?s={search_term_string}"},"query-input":"required name=search_term_string"}],"inLanguage":"pl-PL"}]}},"_links":{"self":[{"href":"https:\/\/rodos-praha.cz\/pl\/wp-json\/wp\/v2\/pages\/764"}],"collection":[{"href":"https:\/\/rodos-praha.cz\/pl\/wp-json\/wp\/v2\/pages"}],"about":[{"href":"https:\/\/rodos-praha.cz\/pl\/wp-json\/wp\/v2\/types\/page"}],"author":[{"embeddable":true,"href":"https:\/\/rodos-praha.cz\/pl\/wp-json\/wp\/v2\/users\/3"}],"replies":[{"embeddable":true,"href":"https:\/\/rodos-praha.cz\/pl\/wp-json\/wp\/v2\/comments?post=764"}],"version-history":[{"count":18,"href":"https:\/\/rodos-praha.cz\/pl\/wp-json\/wp\/v2\/pages\/764\/revisions"}],"predecessor-version":[{"id":1014,"href":"https:\/\/rodos-praha.cz\/pl\/wp-json\/wp\/v2\/pages\/764\/revisions\/1014"}],"wp:attachment":[{"href":"https:\/\/rodos-praha.cz\/pl\/wp-json\/wp\/v2\/media?parent=764"}],"curies":[{"name":"wp","href":"https:\/\/api.w.org\/{rel}","templated":true}]}}